{"id":97,"date":"2025-05-19T22:37:48","date_gmt":"2025-05-19T22:37:48","guid":{"rendered":"https:\/\/unisfera.rs\/carpediem\/home\/"},"modified":"2026-02-11T15:07:19","modified_gmt":"2026-02-11T15:07:19","slug":"home","status":"publish","type":"page","link":"https:\/\/unisfera.rs\/carpediem\/","title":{"rendered":"Home"},"content":{"rendered":"\t\t<div data-elementor-type=\"wp-page\" data-elementor-id=\"97\" class=\"elementor elementor-97\">\n\t\t\t\t<div class=\"elementor-element elementor-element-815cc02 e-flex e-con-boxed e-con e-parent\" data-id=\"815cc02\" data-element_type=\"container\" data-e-type=\"container\">\n\t\t\t\t\t<div class=\"e-con-inner\">\n\t\t<div class=\"elementor-element elementor-element-8aff09b e-con-full e-flex e-con e-child\" data-id=\"8aff09b\" data-element_type=\"container\" data-e-type=\"container\">\n\t\t\t\t<div class=\"elementor-element elementor-element-cc2a22b elementor-widget elementor-widget-heading\" data-id=\"cc2a22b\" data-element_type=\"widget\" data-e-type=\"widget\" data-widget_type=\"heading.default\">\n\t\t\t\t\t<h2 class=\"elementor-heading-title elementor-size-default\">Psiholo\u0161ki kutak Carpe Diem<\/h2>\t\t\t\t<\/div>\n\t\t\t\t<div class=\"elementor-element elementor-element-5d2cb1e elementor-widget elementor-widget-text-editor\" data-id=\"5d2cb1e\" data-element_type=\"widget\" data-e-type=\"widget\" data-widget_type=\"text-editor.default\">\n\t\t\t\t\t\t\t\t\t<ul><li>Savetodavni rad, u\u017eivo i online<\/li><li>Konsultacije i zakazivanje na <a href=\"https:\/\/www.instagram.com\/psihologsanjamiletic\">Instagram stranici\u00a0<\/a><\/li><li>Psiholo\u0161ke radionice<\/li><li>Kutak realizuje diplomirani psiholog Sanja Mileti\u0107 uz podr\u0161ku\u00a0<a href=\"https:\/\/unisfera.rs\">omladinske organizacije Unisfera<\/a><\/li><\/ul>\t\t\t\t\t\t\t\t<\/div>\n\t\t\t\t<div class=\"elementor-element elementor-element-b643e62 elementor-widget elementor-widget-image\" data-id=\"b643e62\" data-element_type=\"widget\" data-e-type=\"widget\" data-widget_type=\"image.default\">\n\t\t\t\t\t\t\t\t\t\t\t\t\t\t\t<img decoding=\"async\" width=\"300\" height=\"162\" src=\"https:\/\/unisfera.rs\/carpediem\/wp-content\/uploads\/2026\/02\/carpediem-unisfera-300x162.png\" class=\"attachment-medium size-medium wp-image-524\" alt=\"\" srcset=\"https:\/\/unisfera.rs\/carpediem\/wp-content\/uploads\/2026\/02\/carpediem-unisfera-300x162.png 300w, https:\/\/unisfera.rs\/carpediem\/wp-content\/uploads\/2026\/02\/carpediem-unisfera-768x415.png 768w, https:\/\/unisfera.rs\/carpediem\/wp-content\/uploads\/2026\/02\/carpediem-unisfera.png 948w\" sizes=\"(max-width: 300px) 100vw, 300px\" \/>\t\t\t\t\t\t\t\t\t\t\t\t\t\t\t<\/div>\n\t\t\t\t<\/div>\n\t\t<div class=\"elementor-element elementor-element-d5a0ccb e-con-full e-flex e-con e-child\" data-id=\"d5a0ccb\" data-element_type=\"container\" data-e-type=\"container\">\n\t\t<div class=\"elementor-element elementor-element-c6138d0 e-con-full e-flex e-con e-child\" data-id=\"c6138d0\" data-element_type=\"container\" data-e-type=\"container\">\n\t\t\t\t<div class=\"elementor-element elementor-element-4626a32 elementor-widget elementor-widget-html\" data-id=\"4626a32\" data-element_type=\"widget\" data-e-type=\"widget\" data-widget_type=\"html.default\">\n\t\t\t\t\t<blockquote class=\"instagram-media\" data-instgrm-permalink=\"https:\/\/www.instagram.com\/psihologsanjamiletic\/?utm_source=ig_embed&utm_campaign=loading\" data-instgrm-version=\"14\" style=\" background:#FFF; border:0; border-radius:3px; box-shadow:0 0 1px 0 rgba(0,0,0,0.5),0 1px 10px 0 rgba(0,0,0,0.15); margin: 1px; max-width:658px; min-width:326px; padding:0; width:99.375%; width:-webkit-calc(100% - 2px); width:calc(100% - 2px);\"><div style=\"padding:16px;\"> <a href=\"https:\/\/www.instagram.com\/psihologsanjamiletic\/?utm_source=ig_embed&utm_campaign=loading\" style=\" background:#FFFFFF; line-height:0; padding:0 0; text-align:center; text-decoration:none; width:100%;\" target=\"_blank\"> <div style=\" display: flex; flex-direction: row; align-items: center;\"> <div style=\"background-color: #F4F4F4; border-radius: 50%; flex-grow: 0; height: 40px; margin-right: 14px; width: 40px;\"><\/div> <div style=\"display: flex; flex-direction: column; flex-grow: 1; justify-content: center;\"> <div style=\" background-color: #F4F4F4; border-radius: 4px; flex-grow: 0; height: 14px; margin-bottom: 6px; width: 100px;\"><\/div> <div style=\" background-color: #F4F4F4; border-radius: 4px; flex-grow: 0; height: 14px; width: 60px;\"><\/div><\/div><\/div><div style=\"padding: 19% 0;\"><\/div> <div style=\"display:block; height:50px; margin:0 auto 12px; width:50px;\"><svg width=\"50px\" height=\"50px\" viewBox=\"0 0 60 60\" version=\"1.1\" xmlns=\"https:\/\/www.w3.org\/2000\/svg\" xmlns:xlink=\"https:\/\/www.w3.org\/1999\/xlink\"><g stroke=\"none\" stroke-width=\"1\" fill=\"none\" fill-rule=\"evenodd\"><g transform=\"translate(-511.000000, -20.000000)\" fill=\"#000000\"><g><path d=\"M556.869,30.41 C554.814,30.41 553.148,32.076 553.148,34.131 C553.148,36.186 554.814,37.852 556.869,37.852 C558.924,37.852 560.59,36.186 560.59,34.131 C560.59,32.076 558.924,30.41 556.869,30.41 M541,60.657 C535.114,60.657 530.342,55.887 530.342,50 C530.342,44.114 535.114,39.342 541,39.342 C546.887,39.342 551.658,44.114 551.658,50 C551.658,55.887 546.887,60.657 541,60.657 M541,33.886 C532.1,33.886 524.886,41.1 524.886,50 C524.886,58.899 532.1,66.113 541,66.113 C549.9,66.113 557.115,58.899 557.115,50 C557.115,41.1 549.9,33.886 541,33.886 M565.378,62.101 C565.244,65.022 564.756,66.606 564.346,67.663 C563.803,69.06 563.154,70.057 562.106,71.106 C561.058,72.155 560.06,72.803 558.662,73.347 C557.607,73.757 556.021,74.244 553.102,74.378 C549.944,74.521 548.997,74.552 541,74.552 C533.003,74.552 532.056,74.521 528.898,74.378 C525.979,74.244 524.393,73.757 523.338,73.347 C521.94,72.803 520.942,72.155 519.894,71.106 C518.846,70.057 518.197,69.06 517.654,67.663 C517.244,66.606 516.755,65.022 516.623,62.101 C516.479,58.943 516.448,57.996 516.448,50 C516.448,42.003 516.479,41.056 516.623,37.899 C516.755,34.978 517.244,33.391 517.654,32.338 C518.197,30.938 518.846,29.942 519.894,28.894 C520.942,27.846 521.94,27.196 523.338,26.654 C524.393,26.244 525.979,25.756 528.898,25.623 C532.057,25.479 533.004,25.448 541,25.448 C548.997,25.448 549.943,25.479 553.102,25.623 C556.021,25.756 557.607,26.244 558.662,26.654 C560.06,27.196 561.058,27.846 562.106,28.894 C563.154,29.942 563.803,30.938 564.346,32.338 C564.756,33.391 565.244,34.978 565.378,37.899 C565.522,41.056 565.552,42.003 565.552,50 C565.552,57.996 565.522,58.943 565.378,62.101 M570.82,37.631 C570.674,34.438 570.167,32.258 569.425,30.349 C568.659,28.377 567.633,26.702 565.965,25.035 C564.297,23.368 562.623,22.342 560.652,21.575 C558.743,20.834 556.562,20.326 553.369,20.18 C550.169,20.033 549.148,20 541,20 C532.853,20 531.831,20.033 528.631,20.18 C525.438,20.326 523.257,20.834 521.349,21.575 C519.376,22.342 517.703,23.368 516.035,25.035 C514.368,26.702 513.342,28.377 512.574,30.349 C511.834,32.258 511.326,34.438 511.181,37.631 C511.035,40.831 511,41.851 511,50 C511,58.147 511.035,59.17 511.181,62.369 C511.326,65.562 511.834,67.743 512.574,69.651 C513.342,71.625 514.368,73.296 516.035,74.965 C517.703,76.634 519.376,77.658 521.349,78.425 C523.257,79.167 525.438,79.673 528.631,79.82 C531.831,79.965 532.853,80.001 541,80.001 C549.148,80.001 550.169,79.965 553.369,79.82 C556.562,79.673 558.743,79.167 560.652,78.425 C562.623,77.658 564.297,76.634 565.965,74.965 C567.633,73.296 568.659,71.625 569.425,69.651 C570.167,67.743 570.674,65.562 570.82,62.369 C570.966,59.17 571,58.147 571,50 C571,41.851 570.966,40.831 570.82,37.631\"><\/path><\/g><\/g><\/g><\/svg><\/div><div style=\"padding-top: 8px;\"> <div style=\" color:#3897f0; font-family:Arial,sans-serif; font-size:14px; font-style:normal; font-weight:550; line-height:18px;\">View this profile on Instagram<\/div><\/div><div style=\"padding: 12.5% 0;\"><\/div> <div style=\"display: flex; flex-direction: row; margin-bottom: 14px; align-items: center;\"><div> <div style=\"background-color: #F4F4F4; border-radius: 50%; height: 12.5px; width: 12.5px; transform: translateX(0px) translateY(7px);\"><\/div> <div style=\"background-color: #F4F4F4; height: 12.5px; transform: rotate(-45deg) translateX(3px) translateY(1px); width: 12.5px; flex-grow: 0; margin-right: 14px; margin-left: 2px;\"><\/div> <div style=\"background-color: #F4F4F4; border-radius: 50%; height: 12.5px; width: 12.5px; transform: translateX(9px) translateY(-18px);\"><\/div><\/div><div style=\"margin-left: 8px;\"> <div style=\" background-color: #F4F4F4; border-radius: 50%; flex-grow: 0; height: 20px; width: 20px;\"><\/div> <div style=\" width: 0; height: 0; border-top: 2px solid transparent; border-left: 6px solid #f4f4f4; border-bottom: 2px solid transparent; transform: translateX(16px) translateY(-4px) rotate(30deg)\"><\/div><\/div><div style=\"margin-left: auto;\"> <div style=\" width: 0px; border-top: 8px solid #F4F4F4; border-right: 8px solid transparent; transform: translateY(16px);\"><\/div> <div style=\" background-color: #F4F4F4; flex-grow: 0; height: 12px; width: 16px; transform: translateY(-4px);\"><\/div> <div style=\" width: 0; height: 0; border-top: 8px solid #F4F4F4; border-left: 8px solid transparent; transform: translateY(-4px) translateX(8px);\"><\/div><\/div><\/div> <div style=\"display: flex; flex-direction: column; flex-grow: 1; justify-content: center; margin-bottom: 24px;\"> <div style=\" background-color: #F4F4F4; border-radius: 4px; flex-grow: 0; height: 14px; margin-bottom: 6px; width: 224px;\"><\/div> <div style=\" background-color: #F4F4F4; border-radius: 4px; flex-grow: 0; height: 14px; width: 144px;\"><\/div><\/div><\/a><\/div><\/blockquote>\r\n<script async src=\"\/\/platform.instagram.com\/en_US\/embeds.js\"><\/script>\t\t\t\t<\/div>\n\t\t\t\t<\/div>\n\t\t\t\t<\/div>\n\t\t\t\t\t<\/div>\n\t\t\t\t<\/div>\n\t\t<div class=\"elementor-element elementor-element-4772103 e-flex e-con-boxed e-con e-parent\" data-id=\"4772103\" data-element_type=\"container\" data-e-type=\"container\">\n\t\t\t\t\t<div class=\"e-con-inner\">\n\t\t\t\t<div class=\"elementor-element elementor-element-cfa7e17 elementor-widget elementor-widget-heading\" data-id=\"cfa7e17\" data-element_type=\"widget\" data-e-type=\"widget\" data-widget_type=\"heading.default\">\n\t\t\t\t\t<h2 class=\"elementor-heading-title elementor-size-default\">Nedavne aktivnosti:<\/h2>\t\t\t\t<\/div>\n\t\t\t\t\t<\/div>\n\t\t\t\t<\/div>\n\t\t<div class=\"elementor-element elementor-element-311b496 e-flex e-con-boxed e-con e-parent\" data-id=\"311b496\" data-element_type=\"container\" data-e-type=\"container\">\n\t\t\t\t\t<div class=\"e-con-inner\">\n\t\t\t\t<div class=\"elementor-element elementor-element-c882b1b elementor-widget elementor-widget-shortcode\" data-id=\"c882b1b\" data-element_type=\"widget\" data-e-type=\"widget\" data-widget_type=\"shortcode.default\">\n\t\t\t\t\t\t\t<div class=\"elementor-shortcode\"><style type='text\/css' media='all'>#rt-tpg-container-964316849 .rt-holder .rt-woo-info .price{color:#0367bf;}body .rt-tpg-container .rt-tpg-isotope-buttons .selected,\n\t\t\t\t\t#rt-tpg-container-964316849 .layout12 .rt-holder:hover .rt-detail,\n\t\t\t\t\t#rt-tpg-container-964316849 .isotope8 .rt-holder:hover .rt-detail,\n\t\t\t\t\t#rt-tpg-container-964316849 .carousel8 .rt-holder:hover .rt-detail,\n\t\t\t\t\t#rt-tpg-container-964316849 .layout13 .rt-holder .overlay .post-info,\n\t\t\t\t\t#rt-tpg-container-964316849 .isotope9 .rt-holder .overlay .post-info,\n\t\t\t\t\t#rt-tpg-container-964316849.rt-tpg-container .layout4 .rt-holder .rt-detail,\n\t\t\t\t\t.rt-modal-964316849 .md-content,\n\t\t\t\t\t.rt-modal-964316849 .md-content > .rt-md-content-holder .rt-md-content,\n\t\t\t\t\t.rt-popup-wrap-964316849.rt-popup-wrap .rt-popup-navigation-wrap,\n\t\t\t\t\t#rt-tpg-container-964316849 .carousel9 .rt-holder .overlay .post-info{background-color:#0367bf;}#rt-tpg-container-964316849 .layout5 .rt-holder .overlay, #rt-tpg-container-964316849 .isotope2 .rt-holder .overlay, #rt-tpg-container-964316849 .carousel2 .rt-holder .overlay,#rt-tpg-container-964316849 .layout15 .rt-holder h3, #rt-tpg-container-964316849 .isotope11 .rt-holder h3, #rt-tpg-container-964316849 .carousel11 .rt-holder h3, #rt-tpg-container-964316849 .layout16 .rt-holder h3,\n\t\t\t\t\t#rt-tpg-container-964316849 .isotope12 .rt-holder h3, #rt-tpg-container-964316849 .carousel12 .rt-holder h3 {background-color:rgba(3,103,191,0.8);}#rt-tpg-container-964316849 .read-more a{border-radius:px;}#rt-tpg-container-964316849 .rt-img-holder img.rt-img-responsive,#rt-tpg-container-964316849 .rt-img-holder,\n\t\t\t\t\t#rt-tpg-container-964316849 .rt-post-overlay .post-img,\n\t\t\t\t\t#rt-tpg-container-964316849 .post-sm .post-img,\n\t\t\t\t\t#rt-tpg-container-964316849 .rt-post-grid .post-img,\n\t\t\t\t\t#rt-tpg-container-964316849 .post-img img {border-radius:px;}<\/style><div class='rt-container-fluid rt-tpg-container tpg-shortcode-main-wrapper ' id='rt-tpg-container-964316849'   data-layout='layout5' data-grid-style='even' data-desktop-col='3'  data-tab-col='2'  data-mobile-col='1' data-sc-id='303'><div class=\"tpg-widget-heading-wrapper heading-style1 \"><span class=\"tpg-widget-heading-line line-left\"><\/span><h2 class=\"tpg-widget-heading\">Nedavne aktivnosti<\/h2><span class=\"tpg-widget-heading-line\"><\/span><\/div><div data-title='Loading ...' class='rt-row rt-content-loader   layout5 tpg-even '><div class=\"rt-col-md-4 rt-col-sm-6 rt-col-xs-12 even-grid-item rt-grid-item\" data-id=\"605\"><div class=\"rt-holder\"><div class=\"overlay\"><h3 class=\"entry-title\"><a data-id=\"605\" class=\"\" href=\"https:\/\/unisfera.rs\/carpediem\/kriza-srednjih-godina\/\">Kriza srednjih godina<\/a><\/h3><\/div> <a data-id='605' class='' href='https:\/\/unisfera.rs\/carpediem\/kriza-srednjih-godina\/'><img fetchpriority=\"high\" decoding=\"async\" class=\"rt-img-responsive \" src=\"https:\/\/unisfera.rs\/carpediem\/wp-content\/uploads\/2026\/02\/krizasrednjih-1024x982.jpeg\" width=\"1024\" height=\"982\" alt=\"Kriza srednjih godina\" \/><\/a><\/div><\/div><div class=\"rt-col-md-4 rt-col-sm-6 rt-col-xs-12 even-grid-item rt-grid-item\" data-id=\"598\"><div class=\"rt-holder\"><div class=\"overlay\"><h3 class=\"entry-title\"><a data-id=\"598\" class=\"\" href=\"https:\/\/unisfera.rs\/carpediem\/moc-komunikacije\/\">Mo\u0107 komunikacije<\/a><\/h3><\/div> <a data-id='598' class='' href='https:\/\/unisfera.rs\/carpediem\/moc-komunikacije\/'><img decoding=\"async\" class=\"rt-img-responsive \" src=\"https:\/\/unisfera.rs\/carpediem\/wp-content\/uploads\/2026\/02\/mockomunikacije-1024x768.jpeg\" width=\"1024\" height=\"768\" alt=\"Mo\u0107 komunikacije\" \/><\/a><\/div><\/div><div class=\"rt-col-md-4 rt-col-sm-6 rt-col-xs-12 even-grid-item rt-grid-item\" data-id=\"588\"><div class=\"rt-holder\"><div class=\"overlay\"><h3 class=\"entry-title\"><a data-id=\"588\" class=\"\" href=\"https:\/\/unisfera.rs\/carpediem\/zasto-pristajem-na-mrvice-ponovljena-radionica\/\">Za\u0161to pristajem na mrvice? (repriza)<\/a><\/h3><\/div> <a data-id='588' class='' href='https:\/\/unisfera.rs\/carpediem\/zasto-pristajem-na-mrvice-ponovljena-radionica\/'><img loading=\"lazy\" decoding=\"async\" class=\"rt-img-responsive \" src=\"https:\/\/unisfera.rs\/carpediem\/wp-content\/uploads\/2026\/02\/ng-stres1-1024x768.jpeg\" width=\"1024\" height=\"768\" alt=\"Za\u0161to pristajem na mrvice? (repriza)\" \/><\/a><\/div><\/div><\/div><\/div><\/div>\n\t\t\t\t\t\t<\/div>\n\t\t\t\t\t<\/div>\n\t\t\t\t<\/div>\n\t\t<div class=\"elementor-element elementor-element-ea0c831 e-flex e-con-boxed e-con e-parent\" data-id=\"ea0c831\" data-element_type=\"container\" data-e-type=\"container\">\n\t\t\t\t\t<div class=\"e-con-inner\">\n\t\t<div class=\"elementor-element elementor-element-144de9b e-con-full e-flex e-con e-child\" data-id=\"144de9b\" data-element_type=\"container\" data-e-type=\"container\">\n\t\t\t\t<div class=\"elementor-element elementor-element-24642ea elementor-widget elementor-widget-image\" data-id=\"24642ea\" data-element_type=\"widget\" data-e-type=\"widget\" data-widget_type=\"image.default\">\n\t\t\t\t\t\t\t\t\t\t\t\t\t\t\t<img loading=\"lazy\" decoding=\"async\" width=\"768\" height=\"768\" src=\"https:\/\/unisfera.rs\/carpediem\/wp-content\/uploads\/2026\/02\/sanjamiletic-768x768.jpeg\" class=\"attachment-medium_large size-medium_large wp-image-512\" alt=\"\" srcset=\"https:\/\/unisfera.rs\/carpediem\/wp-content\/uploads\/2026\/02\/sanjamiletic-768x768.jpeg 768w, https:\/\/unisfera.rs\/carpediem\/wp-content\/uploads\/2026\/02\/sanjamiletic-300x300.jpeg 300w, https:\/\/unisfera.rs\/carpediem\/wp-content\/uploads\/2026\/02\/sanjamiletic-1024x1024.jpeg 1024w, https:\/\/unisfera.rs\/carpediem\/wp-content\/uploads\/2026\/02\/sanjamiletic-150x150.jpeg 150w, https:\/\/unisfera.rs\/carpediem\/wp-content\/uploads\/2026\/02\/sanjamiletic.jpeg 1030w\" sizes=\"(max-width: 768px) 100vw, 768px\" \/>\t\t\t\t\t\t\t\t\t\t\t\t\t\t\t<\/div>\n\t\t\t\t<\/div>\n\t\t<div class=\"elementor-element elementor-element-65c9d16 e-con-full e-flex e-con e-child\" data-id=\"65c9d16\" data-element_type=\"container\" data-e-type=\"container\">\n\t\t<div class=\"elementor-element elementor-element-d694ad0 e-con-full e-flex e-con e-child\" data-id=\"d694ad0\" data-element_type=\"container\" data-e-type=\"container\">\n\t\t\t\t<div class=\"elementor-element elementor-element-c166a28 elementor-widget elementor-widget-heading\" data-id=\"c166a28\" data-element_type=\"widget\" data-e-type=\"widget\" data-widget_type=\"heading.default\">\n\t\t\t\t\t<h2 class=\"elementor-heading-title elementor-size-default\">Diplomirani psiholog Sanja Mileti\u0107<\/h2>\t\t\t\t<\/div>\n\t\t\t\t<div class=\"elementor-element elementor-element-0144905 elementor-widget elementor-widget-text-editor\" data-id=\"0144905\" data-element_type=\"widget\" data-e-type=\"widget\" data-widget_type=\"text-editor.default\">\n\t\t\t\t\t\t\t\t\t<p>Sanja je diplomirani psiholog sa dugogodi\u0161njim iskustvom u radu sa ljudima i sna\u017enom posve\u0107eno\u0161\u0107u unapre\u0111enju mentalnog zdravlja. Psihologiju do\u017eivljava kao poziv koji podrazumeva razumevanje, empatiju i duboko po\u0161tovanje jedinstvenosti svake osobe. U svom radu usmerena je na li\u010dni razvoj, osna\u017eivanje i pru\u017eanje psiholo\u0161ke podr\u0161ke u sigurnom i podr\u017eavaju\u0107em okru\u017eenju. Veruje da je va\u017eno o mentalnom zdravlju govoriti otvoreno i bez stigme, te aktivno doprinosi podizanju svesti u zajednici. Prepoznata je kao izuzetno pozitivna i kreativna osoba, koja u radu povezuje stru\u010dno znanje, bogato \u017eivotno i profesionalno iskustvo i autenti\u010dan pristup. Svakom klijentu pristupa sa pa\u017enjom, razumevanjem i po\u0161tovanjem njegovog li\u010dnog tempa i potreba, sa ciljem da se ose\u0107a vi\u0111eno, prihva\u0107eno i osna\u017eeno. Njen \u017eivotni moto je Carpe diem (uhvati dan) i predstavlja \u017eivotnu filozofiju u\u017eivanja u trenutku, hrabrog kori\u0161\u0107enja prilika i umanjivanja brige o neizvesnoj budu\u0107nosti. Kontinuirano se profesionalno usavr\u0161ava, veruju\u0107i da li\u010dni i profesionalni rast predstavljaju temelj kvalitetnog i odgovornog rada sa ljudima.<\/p>\t\t\t\t\t\t\t\t<\/div>\n\t\t\t\t<\/div>\n\t\t\t\t<\/div>\n\t\t\t\t\t<\/div>\n\t\t\t\t<\/div>\n\t\t<div class=\"elementor-element elementor-element-9ad3479 e-flex e-con-boxed e-con e-parent\" data-id=\"9ad3479\" data-element_type=\"container\" data-e-type=\"container\">\n\t\t\t\t\t<div class=\"e-con-inner\">\n\t\t\t\t<div class=\"elementor-element elementor-element-de44d5a elementor-widget elementor-widget-heading\" data-id=\"de44d5a\" data-element_type=\"widget\" data-e-type=\"widget\" data-widget_type=\"heading.default\">\n\t\t\t\t\t<h2 class=\"elementor-heading-title elementor-size-default\">Kontaktirajte nas:<\/h2>\t\t\t\t<\/div>\n\t\t\t\t\t<\/div>\n\t\t\t\t<\/div>\n\t\t<div class=\"elementor-element elementor-element-a2a8870 e-flex e-con-boxed e-con e-parent\" data-id=\"a2a8870\" data-element_type=\"container\" data-e-type=\"container\">\n\t\t\t\t\t<div class=\"e-con-inner\">\n\t\t<div class=\"elementor-element elementor-element-d8d2fe6 e-con-full e-flex e-con e-child\" data-id=\"d8d2fe6\" data-element_type=\"container\" data-e-type=\"container\">\n\t\t\t\t<div class=\"elementor-element elementor-element-79244a0 elementor-widget elementor-widget-google_maps\" data-id=\"79244a0\" data-element_type=\"widget\" data-e-type=\"widget\" data-widget_type=\"google_maps.default\">\n\t\t\t\t\t\t\t<div class=\"elementor-custom-embed\">\n\t\t\t<iframe loading=\"lazy\"\n\t\t\t\t\tsrc=\"https:\/\/maps.google.com\/maps?q=Gospodar%20Jovanova%203%2C%20%C4%8Ca%C4%8Dak%2032000&#038;t=m&#038;z=15&#038;output=embed&#038;iwloc=near\"\n\t\t\t\t\ttitle=\"Gospodar Jovanova 3, \u010ca\u010dak 32000\"\n\t\t\t\t\taria-label=\"Gospodar Jovanova 3, \u010ca\u010dak 32000\"\n\t\t\t><\/iframe>\n\t\t<\/div>\n\t\t\t\t\t\t<\/div>\n\t\t\t\t<\/div>\n\t\t<div class=\"elementor-element elementor-element-ec124d2 e-con-full e-flex e-con e-child\" data-id=\"ec124d2\" data-element_type=\"container\" data-e-type=\"container\">\n\t\t\t\t<div class=\"elementor-element elementor-element-8dc6fca elementor-widget elementor-widget-text-editor\" data-id=\"8dc6fca\" data-element_type=\"widget\" data-e-type=\"widget\" data-widget_type=\"text-editor.default\">\n\t\t\t\t\t\t\t\t\t<p>Address:\u00a0<strong>Gospodar Jovanova 3, 32102,\u00a0<\/strong><strong style=\"font-style: inherit;\">\u010ca\u010dak,\u00a0<\/strong><strong style=\"font-style: inherit;\">Serbia<\/strong><\/p><p>Instagram: <a href=\"https:\/\/www.instagram.com\/psihologsanjamiletic\/\">@psihologsanjamiletic<\/a><\/p><p>\u00a0<\/p>\t\t\t\t\t\t\t\t<\/div>\n\t\t\t\t<\/div>\n\t\t\t\t\t<\/div>\n\t\t\t\t<\/div>\n\t\t\t\t<\/div>\n\t\t","protected":false},"excerpt":{"rendered":"<p>Psiholo\u0161ki kutak Carpe Diem Savetodavni rad, u\u017eivo i online Konsultacije i zakazivanje na Instagram stranici\u00a0 Psiholo\u0161ke radionice Kutak realizuje diplomirani [&hellip;]<\/p>\n","protected":false},"author":1,"featured_media":0,"parent":0,"menu_order":0,"comment_status":"closed","ping_status":"closed","template":"","meta":{"site-sidebar-layout":"default","site-content-layout":"","ast-site-content-layout":"default","site-content-style":"default","site-sidebar-style":"default","ast-global-header-display":"","ast-banner-title-visibility":"","ast-main-header-display":"","ast-hfb-above-header-display":"","ast-hfb-below-header-display":"","ast-hfb-mobile-header-display":"","site-post-title":"disabled","ast-breadcrumbs-content":"","ast-featured-img":"","footer-sml-layout":"","ast-disable-related-posts":"","theme-transparent-header-meta":"default","adv-header-id-meta":"","stick-header-meta":"","header-above-stick-meta":"","header-main-stick-meta":"","header-below-stick-meta":"","astra-migrate-meta-layouts":"set","ast-page-background-enabled":"default","ast-page-background-meta":{"desktop":{"background-color":"var(--ast-global-color-5)","background-image":"","background-repeat":"repeat","background-position":"center center","background-size":"auto","background-attachment":"scroll","background-type":"","background-media":"","overlay-type":"","overlay-color":"","overlay-opacity":"","overlay-gradient":""},"tablet":{"background-color":"","background-image":"","background-repeat":"repeat","background-position":"center center","background-size":"auto","background-attachment":"scroll","background-type":"","background-media":"","overlay-type":"","overlay-color":"","overlay-opacity":"","overlay-gradient":""},"mobile":{"background-color":"","background-image":"","background-repeat":"repeat","background-position":"center center","background-size":"auto","background-attachment":"scroll","background-type":"","background-media":"","overlay-type":"","overlay-color":"","overlay-opacity":"","overlay-gradient":""}},"ast-content-background-meta":{"desktop":{"background-color":"var(--ast-global-color-4)","background-image":"","background-repeat":"repeat","background-position":"center center","background-size":"auto","background-attachment":"scroll","background-type":"","background-media":"","overlay-type":"","overlay-color":"","overlay-opacity":"","overlay-gradient":""},"tablet":{"background-color":"var(--ast-global-color-4)","background-image":"","background-repeat":"repeat","background-position":"center center","background-size":"auto","background-attachment":"scroll","background-type":"","background-media":"","overlay-type":"","overlay-color":"","overlay-opacity":"","overlay-gradient":""},"mobile":{"background-color":"var(--ast-global-color-4)","background-image":"","background-repeat":"repeat","background-position":"center center","background-size":"auto","background-attachment":"scroll","background-type":"","background-media":"","overlay-type":"","overlay-color":"","overlay-opacity":"","overlay-gradient":""}},"footnotes":""},"class_list":["post-97","page","type-page","status-publish","hentry"],"rttpg_featured_image_url":null,"rttpg_author":{"display_name":"Unisfera Team","author_link":"https:\/\/unisfera.rs\/carpediem\/author\/unisfera\/"},"rttpg_comment":0,"rttpg_category":"","rttpg_excerpt":"Psiholo\u0161ki kutak Carpe Diem Savetodavni rad, u\u017eivo i online Konsultacije i zakazivanje na Instagram stranici\u00a0 Psiholo\u0161ke radionice Kutak realizuje diplomirani [&hellip;]","_links":{"self":[{"href":"https:\/\/unisfera.rs\/carpediem\/wp-json\/wp\/v2\/pages\/97","targetHints":{"allow":["GET"]}}],"collection":[{"href":"https:\/\/unisfera.rs\/carpediem\/wp-json\/wp\/v2\/pages"}],"about":[{"href":"https:\/\/unisfera.rs\/carpediem\/wp-json\/wp\/v2\/types\/page"}],"author":[{"embeddable":true,"href":"https:\/\/unisfera.rs\/carpediem\/wp-json\/wp\/v2\/users\/1"}],"replies":[{"embeddable":true,"href":"https:\/\/unisfera.rs\/carpediem\/wp-json\/wp\/v2\/comments?post=97"}],"version-history":[{"count":157,"href":"https:\/\/unisfera.rs\/carpediem\/wp-json\/wp\/v2\/pages\/97\/revisions"}],"predecessor-version":[{"id":619,"href":"https:\/\/unisfera.rs\/carpediem\/wp-json\/wp\/v2\/pages\/97\/revisions\/619"}],"wp:attachment":[{"href":"https:\/\/unisfera.rs\/carpediem\/wp-json\/wp\/v2\/media?parent=97"}],"curies":[{"name":"wp","href":"https:\/\/api.w.org\/{rel}","templated":true}]}}